{"id":23886,"date":"2024-10-06T00:02:18","date_gmt":"2024-10-05T22:02:18","guid":{"rendered":"https:\/\/alps-drivers.com\/?page_id=23886"},"modified":"2024-10-06T00:07:20","modified_gmt":"2024-10-05T22:07:20","slug":"commande-validee","status":"publish","type":"page","link":"https:\/\/alps-drivers.com\/index.php\/commande-validee\/","title":{"rendered":"Commande valid\u00e9e"},"content":{"rendered":"\t\t<div data-elementor-type=\"wp-page\" data-elementor-id=\"23886\" class=\"elementor elementor-23886\">\n\t\t\t\t<div class=\"elementor-element elementor-element-51589f9 e-flex e-con-boxed wpr-particle-no wpr-jarallax-no wpr-parallax-no wpr-sticky-section-no e-con e-parent\" data-id=\"51589f9\" data-element_type=\"container\">\n\t\t\t\t\t<div class=\"e-con-inner\">\n\t\t\t\t<div class=\"elementor-element elementor-element-20ad32c elementor-widget elementor-widget-heading\" data-id=\"20ad32c\" data-element_type=\"widget\" data-widget_type=\"heading.default\">\n\t\t\t\t<div class=\"elementor-widget-container\">\n\t\t\t<h1 class=\"elementor-heading-title elementor-size-default\">Merci pour votre r\u00e9servation !<\/h1>\t\t<\/div>\n\t\t\t\t<\/div>\n\t\t\t\t<div class=\"elementor-element elementor-element-9a75838 elementor-widget elementor-widget-heading\" data-id=\"9a75838\" data-element_type=\"widget\" data-widget_type=\"heading.default\">\n\t\t\t\t<div class=\"elementor-widget-container\">\n\t\t\t<p class=\"elementor-heading-title elementor-size-default\">Votre commande est en attente de confirmation. <br><br>Nous vous informerons d\u00e8s que celle-ci sera valid\u00e9e. <br>Un email contenant les d\u00e9tails de votre r\u00e9servation vous sera envoy\u00e9 sous peu. <br><br>Si vous avez des questions ou des modifications \u00e0 apporter, n'h\u00e9sitez pas \u00e0 nous contacter. <br><br>Merci pour votre patience et \u00e0 tr\u00e8s bient\u00f4t !<\/p>\t\t<\/div>\n\t\t\t\t<\/div>\n\t\t\t\t\t<\/div>\n\t\t\t\t<\/div>\n\t\t\t\t<\/div>\n\t\t","protected":false},"excerpt":{"rendered":"<p>Merci pour votre r\u00e9servation ! Votre commande est en attente de confirmation. Nous vous informerons d\u00e8s que celle-ci sera valid\u00e9e. Un email contenant les d\u00e9tails de votre r\u00e9servation vous sera envoy\u00e9 sous peu. Si vous avez des questions ou des modifications \u00e0 apporter, n&rsquo;h\u00e9sitez pas \u00e0 nous contacter. Merci pour votre patience et \u00e0 tr\u00e8s &hellip;<\/p>\n<p class=\"read-more\"> <a class=\"\" href=\"https:\/\/alps-drivers.com\/index.php\/commande-validee\/\"> <span class=\"screen-reader-text\">Commande valid\u00e9e<\/span> Lire la suite\u00a0\u00bb<\/a><\/p>\n","protected":false},"author":1,"featured_media":0,"parent":0,"menu_order":0,"comment_status":"closed","ping_status":"closed","template":"","meta":{"site-sidebar-layout":"no-sidebar","site-content-layout":"","ast-site-content-layout":"full-width-container","site-content-style":"default","site-sidebar-style":"default","ast-global-header-display":"","ast-banner-title-visibility":"","ast-main-header-display":"","ast-hfb-above-header-display":"","ast-hfb-below-header-display":"","ast-hfb-mobile-header-display":"","site-post-title":"disabled","ast-breadcrumbs-content":"","ast-featured-img":"disabled","footer-sml-layout":"","theme-transparent-header-meta":"","adv-header-id-meta":"","stick-header-meta":"","header-above-stick-meta":"","header-main-stick-meta":"","header-below-stick-meta":"","astra-migrate-meta-layouts":"","ast-page-background-enabled":"default","ast-page-background-meta":{"desktop":{"background-color":"var(--ast-global-color-4)","background-image":"","background-repeat":"repeat","background-position":"center center","background-size":"auto","background-attachment":"scroll","background-type":"","background-media":"","overlay-type":"","overlay-color":"","overlay-gradient":""},"tablet":{"background-color":"","background-image":"","background-repeat":"repeat","background-position":"center center","background-size":"auto","background-attachment":"scroll","background-type":"","background-media":"","overlay-type":"","overlay-color":"","overlay-gradient":""},"mobile":{"background-color":"","background-image":"","background-repeat":"repeat","background-position":"center center","background-size":"auto","background-attachment":"scroll","background-type":"","background-media":"","overlay-type":"","overlay-color":"","overlay-gradient":""}},"ast-content-background-meta":{"desktop":{"background-color":"var(--ast-global-color-5)","background-image":"","background-repeat":"repeat","background-position":"center center","background-size":"auto","background-attachment":"scroll","background-type":"","background-media":"","overlay-type":"","overlay-color":"","overlay-gradient":""},"tablet":{"background-color":"var(--ast-global-color-5)","background-image":"","background-repeat":"repeat","background-position":"center center","background-size":"auto","background-attachment":"scroll","background-type":"","background-media":"","overlay-type":"","overlay-color":"","overlay-gradient":""},"mobile":{"background-color":"var(--ast-global-color-5)","background-image":"","background-repeat":"repeat","background-position":"center center","background-size":"auto","background-attachment":"scroll","background-type":"","background-media":"","overlay-type":"","overlay-color":"","overlay-gradient":""}},"footnotes":""},"class_list":["post-23886","page","type-page","status-publish","hentry"],"yoast_head":"<!-- This site is optimized with the Yoast SEO plugin v23.5 - https:\/\/yoast.com\/wordpress\/plugins\/seo\/ -->\n<title>Commande valid\u00e9e - alps-drivers.com<\/title>\n<meta name=\"robots\" content=\"index, follow, max-snippet:-1, max-image-preview:large, max-video-preview:-1\" \/>\n<link rel=\"canonical\" href=\"https:\/\/alps-drivers.com\/index.php\/commande-validee\/\" \/>\n<meta property=\"og:locale\" content=\"fr_FR\" \/>\n<meta property=\"og:type\" content=\"article\" \/>\n<meta property=\"og:title\" content=\"Commande valid\u00e9e - alps-drivers.com\" \/>\n<meta property=\"og:description\" content=\"Merci pour votre r\u00e9servation ! Votre commande est en attente de confirmation. Nous vous informerons d\u00e8s que celle-ci sera valid\u00e9e. Un email contenant les d\u00e9tails de votre r\u00e9servation vous sera envoy\u00e9 sous peu. Si vous avez des questions ou des modifications \u00e0 apporter, n&rsquo;h\u00e9sitez pas \u00e0 nous contacter. Merci pour votre patience et \u00e0 tr\u00e8s &hellip; Commande valid\u00e9e Lire la suite\u00a0\u00bb\" \/>\n<meta property=\"og:url\" content=\"https:\/\/alps-drivers.com\/index.php\/commande-validee\/\" \/>\n<meta property=\"og:site_name\" content=\"alps-drivers.com\" \/>\n<meta property=\"article:modified_time\" content=\"2024-10-05T22:07:20+00:00\" \/>\n<meta name=\"twitter:card\" content=\"summary_large_image\" \/>\n<script type=\"application\/ld+json\" class=\"yoast-schema-graph\">{\"@context\":\"https:\/\/schema.org\",\"@graph\":[{\"@type\":\"WebPage\",\"@id\":\"https:\/\/alps-drivers.com\/index.php\/commande-validee\/\",\"url\":\"https:\/\/alps-drivers.com\/index.php\/commande-validee\/\",\"name\":\"Commande valid\u00e9e - alps-drivers.com\",\"isPartOf\":{\"@id\":\"https:\/\/alps-drivers.com\/#website\"},\"datePublished\":\"2024-10-05T22:02:18+00:00\",\"dateModified\":\"2024-10-05T22:07:20+00:00\",\"breadcrumb\":{\"@id\":\"https:\/\/alps-drivers.com\/index.php\/commande-validee\/#breadcrumb\"},\"inLanguage\":\"fr-FR\",\"potentialAction\":[{\"@type\":\"ReadAction\",\"target\":[\"https:\/\/alps-drivers.com\/index.php\/commande-validee\/\"]}]},{\"@type\":\"BreadcrumbList\",\"@id\":\"https:\/\/alps-drivers.com\/index.php\/commande-validee\/#breadcrumb\",\"itemListElement\":[{\"@type\":\"ListItem\",\"position\":1,\"name\":\"Accueil\",\"item\":\"https:\/\/alps-drivers.com\/\"},{\"@type\":\"ListItem\",\"position\":2,\"name\":\"Commande valid\u00e9e\"}]},{\"@type\":\"WebSite\",\"@id\":\"https:\/\/alps-drivers.com\/#website\",\"url\":\"https:\/\/alps-drivers.com\/\",\"name\":\"alps-drivers.com\",\"description\":\"\",\"potentialAction\":[{\"@type\":\"SearchAction\",\"target\":{\"@type\":\"EntryPoint\",\"urlTemplate\":\"https:\/\/alps-drivers.com\/?s={search_term_string}\"},\"query-input\":{\"@type\":\"PropertyValueSpecification\",\"valueRequired\":true,\"valueName\":\"search_term_string\"}}],\"inLanguage\":\"fr-FR\"}]}<\/script>\n<!-- \/ Yoast SEO plugin. -->","yoast_head_json":{"title":"Commande valid\u00e9e - alps-drivers.com","robots":{"index":"index","follow":"follow","max-snippet":"max-snippet:-1","max-image-preview":"max-image-preview:large","max-video-preview":"max-video-preview:-1"},"canonical":"https:\/\/alps-drivers.com\/index.php\/commande-validee\/","og_locale":"fr_FR","og_type":"article","og_title":"Commande valid\u00e9e - alps-drivers.com","og_description":"Merci pour votre r\u00e9servation ! Votre commande est en attente de confirmation. Nous vous informerons d\u00e8s que celle-ci sera valid\u00e9e. Un email contenant les d\u00e9tails de votre r\u00e9servation vous sera envoy\u00e9 sous peu. Si vous avez des questions ou des modifications \u00e0 apporter, n&rsquo;h\u00e9sitez pas \u00e0 nous contacter. Merci pour votre patience et \u00e0 tr\u00e8s &hellip; Commande valid\u00e9e Lire la suite\u00a0\u00bb","og_url":"https:\/\/alps-drivers.com\/index.php\/commande-validee\/","og_site_name":"alps-drivers.com","article_modified_time":"2024-10-05T22:07:20+00:00","twitter_card":"summary_large_image","schema":{"@context":"https:\/\/schema.org","@graph":[{"@type":"WebPage","@id":"https:\/\/alps-drivers.com\/index.php\/commande-validee\/","url":"https:\/\/alps-drivers.com\/index.php\/commande-validee\/","name":"Commande valid\u00e9e - alps-drivers.com","isPartOf":{"@id":"https:\/\/alps-drivers.com\/#website"},"datePublished":"2024-10-05T22:02:18+00:00","dateModified":"2024-10-05T22:07:20+00:00","breadcrumb":{"@id":"https:\/\/alps-drivers.com\/index.php\/commande-validee\/#breadcrumb"},"inLanguage":"fr-FR","potentialAction":[{"@type":"ReadAction","target":["https:\/\/alps-drivers.com\/index.php\/commande-validee\/"]}]},{"@type":"BreadcrumbList","@id":"https:\/\/alps-drivers.com\/index.php\/commande-validee\/#breadcrumb","itemListElement":[{"@type":"ListItem","position":1,"name":"Accueil","item":"https:\/\/alps-drivers.com\/"},{"@type":"ListItem","position":2,"name":"Commande valid\u00e9e"}]},{"@type":"WebSite","@id":"https:\/\/alps-drivers.com\/#website","url":"https:\/\/alps-drivers.com\/","name":"alps-drivers.com","description":"","potentialAction":[{"@type":"SearchAction","target":{"@type":"EntryPoint","urlTemplate":"https:\/\/alps-drivers.com\/?s={search_term_string}"},"query-input":{"@type":"PropertyValueSpecification","valueRequired":true,"valueName":"search_term_string"}}],"inLanguage":"fr-FR"}]}},"_links":{"self":[{"href":"https:\/\/alps-drivers.com\/index.php\/wp-json\/wp\/v2\/pages\/23886"}],"collection":[{"href":"https:\/\/alps-drivers.com\/index.php\/wp-json\/wp\/v2\/pages"}],"about":[{"href":"https:\/\/alps-drivers.com\/index.php\/wp-json\/wp\/v2\/types\/page"}],"author":[{"embeddable":true,"href":"https:\/\/alps-drivers.com\/index.php\/wp-json\/wp\/v2\/users\/1"}],"replies":[{"embeddable":true,"href":"https:\/\/alps-drivers.com\/index.php\/wp-json\/wp\/v2\/comments?post=23886"}],"version-history":[{"count":10,"href":"https:\/\/alps-drivers.com\/index.php\/wp-json\/wp\/v2\/pages\/23886\/revisions"}],"predecessor-version":[{"id":23896,"href":"https:\/\/alps-drivers.com\/index.php\/wp-json\/wp\/v2\/pages\/23886\/revisions\/23896"}],"wp:attachment":[{"href":"https:\/\/alps-drivers.com\/index.php\/wp-json\/wp\/v2\/media?parent=23886"}],"curies":[{"name":"wp","href":"https:\/\/api.w.org\/{rel}","templated":true}]}}