{"id":1098,"date":"2023-11-16T19:13:21","date_gmt":"2023-11-16T18:13:21","guid":{"rendered":"https:\/\/alps-drivers.com\/?page_id=1098"},"modified":"2024-10-09T01:43:12","modified_gmt":"2024-10-08T23:43:12","slug":"mise-a-disposition-chauffeur-alpes-ski","status":"publish","type":"page","link":"https:\/\/alps-drivers.com\/index.php\/mise-a-disposition-chauffeur-alpes-ski\/","title":{"rendered":"MISE A DISPOSITION"},"content":{"rendered":"\t\t<div data-elementor-type=\"wp-page\" data-elementor-id=\"1098\" class=\"elementor elementor-1098\">\n\t\t\t\t<div class=\"elementor-element elementor-element-7db76113 e-con-full elementor-hidden-tablet elementor-hidden-mobile e-flex wpr-particle-no wpr-jarallax-no wpr-parallax-no wpr-sticky-section-no e-con e-parent\" data-id=\"7db76113\" data-element_type=\"container\" data-settings=\"{&quot;background_background&quot;:&quot;classic&quot;}\">\n\t\t<div class=\"elementor-element elementor-element-45ea67d9 e-flex e-con-boxed wpr-particle-no wpr-parallax-no wpr-sticky-section-no e-con e-child\" data-id=\"45ea67d9\" data-element_type=\"container\" data-settings=\"{&quot;background_background&quot;:&quot;classic&quot;}\">\n\t\t\t\t\t<div class=\"e-con-inner\">\n\t\t\t\t<div class=\"elementor-element elementor-element-4869194e elementor-widget elementor-widget-heading\" data-id=\"4869194e\" data-element_type=\"widget\" data-widget_type=\"heading.default\">\n\t\t\t\t<div class=\"elementor-widget-container\">\n\t\t\t<h2 class=\"elementor-heading-title elementor-size-default\">Mise \u00e0 disposition<\/h2>\t\t<\/div>\n\t\t\t\t<\/div>\n\t\t\t\t<div class=\"elementor-element elementor-element-2bc8840 elementor-widget__width-initial elementor-widget elementor-widget-text-editor\" data-id=\"2bc8840\" data-element_type=\"widget\" data-widget_type=\"text-editor.default\">\n\t\t\t\t<div class=\"elementor-widget-container\">\n\t\t\t\t\t\t\t<p class=\"western\" lang=\"en-US\">D\u00e9couvrez notre service de mise \u00e0 disposition, une exp\u00e9rience de transport sur mesure<span lang=\"fr-FR\">.<\/span><\/p>\t\t\t\t\t\t<\/div>\n\t\t\t\t<\/div>\n\t\t\t\t\t<\/div>\n\t\t\t\t<\/div>\n\t\t\t\t<\/div>\n\t\t<div class=\"elementor-element elementor-element-640ab114 e-con-full animated-slow elementor-hidden-desktop e-flex wpr-particle-no wpr-jarallax-no wpr-parallax-no wpr-sticky-section-no elementor-invisible e-con e-parent\" data-id=\"640ab114\" data-element_type=\"container\" data-settings=\"{&quot;background_background&quot;:&quot;classic&quot;,&quot;animation&quot;:&quot;fadeInDown&quot;,&quot;animation_delay&quot;:100}\">\n\t\t<div class=\"elementor-element elementor-element-2c87baae e-con-full e-flex wpr-particle-no wpr-jarallax-no wpr-parallax-no wpr-sticky-section-no e-con e-child\" data-id=\"2c87baae\" data-element_type=\"container\" data-settings=\"{&quot;background_background&quot;:&quot;classic&quot;}\">\n\t\t\t\t<div class=\"elementor-element elementor-element-3b073bdf elementor-widget-mobile__width-initial elementor-widget elementor-widget-heading\" data-id=\"3b073bdf\" data-element_type=\"widget\" data-widget_type=\"heading.default\">\n\t\t\t\t<div class=\"elementor-widget-container\">\n\t\t\t<h2 class=\"elementor-heading-title elementor-size-default\">Mise \u00e0 disposition<\/h2>\t\t<\/div>\n\t\t\t\t<\/div>\n\t\t\t\t<div class=\"elementor-element elementor-element-44825b27 elementor-widget__width-initial elementor-widget-mobile__width-initial elementor-widget elementor-widget-text-editor\" data-id=\"44825b27\" data-element_type=\"widget\" data-widget_type=\"text-editor.default\">\n\t\t\t\t<div class=\"elementor-widget-container\">\n\t\t\t\t\t\t\t<p>D\u00e9couvrez notre service de mise \u00e0 disposition, une exp\u00e9rience de transport sur mesure.<\/p>\t\t\t\t\t\t<\/div>\n\t\t\t\t<\/div>\n\t\t\t\t<\/div>\n\t\t\t\t<\/div>\n\t\t<div class=\"elementor-element elementor-element-053fe81 e-flex e-con-boxed wpr-particle-no wpr-jarallax-no wpr-parallax-no wpr-sticky-section-no e-con e-parent\" data-id=\"053fe81\" data-element_type=\"container\">\n\t\t\t\t\t<div class=\"e-con-inner\">\n\t\t\t\t<div class=\"elementor-element elementor-element-2f7f26b elementor-widget-divider--view-line elementor-widget elementor-widget-divider\" data-id=\"2f7f26b\" data-element_type=\"widget\" data-widget_type=\"divider.default\">\n\t\t\t\t<div class=\"elementor-widget-container\">\n\t\t\t\t\t<div class=\"elementor-divider\">\n\t\t\t<span class=\"elementor-divider-separator\">\n\t\t\t\t\t\t<\/span>\n\t\t<\/div>\n\t\t\t\t<\/div>\n\t\t\t\t<\/div>\n\t\t\t\t<div class=\"elementor-element elementor-element-1f69841 elementor-widget elementor-widget-heading\" data-id=\"1f69841\" data-element_type=\"widget\" data-widget_type=\"heading.default\">\n\t\t\t\t<div class=\"elementor-widget-container\">\n\t\t\t<h2 class=\"elementor-heading-title elementor-size-default\">Profitez d'un service de chauffeur priv\u00e9 \u00e0 la demande, adapt\u00e9 \u00e0 vos besoins.<\/h2>\t\t<\/div>\n\t\t\t\t<\/div>\n\t\t\t\t<div class=\"elementor-element elementor-element-d233bbc elementor-widget elementor-widget-spacer\" data-id=\"d233bbc\" data-element_type=\"widget\" data-widget_type=\"spacer.default\">\n\t\t\t\t<div class=\"elementor-widget-container\">\n\t\t\t\t\t<div class=\"elementor-spacer\">\n\t\t\t<div class=\"elementor-spacer-inner\"><\/div>\n\t\t<\/div>\n\t\t\t\t<\/div>\n\t\t\t\t<\/div>\n\t\t\t\t<div class=\"elementor-element elementor-element-ca1e500 elementor-widget elementor-widget-text-editor\" data-id=\"ca1e500\" data-element_type=\"widget\" data-widget_type=\"text-editor.default\">\n\t\t\t\t<div class=\"elementor-widget-container\">\n\t\t\t\t\t\t\t<p>Que ce soit pour un d\u00e9placement professionnel, un \u00e9v\u00e9nement personnel ou une simple course en ville, notre service de mise \u00e0 disposition de chauffeurs priv\u00e9s vous garantit un trajet confortable, s\u00e9curis\u00e9 et personnalis\u00e9.<\/p><p>Profitez de notre service de <strong>mise \u00e0 disposition personnalis\u00e9<\/strong>, o\u00f9 votre s\u00e9curit\u00e9 et satisfaction sont nos priorit\u00e9s. <br \/>Nous garantissons une <strong>r\u00e9ponse rapide<\/strong>, une <strong>ponctualit\u00e9 irr\u00e9prochable<\/strong> et un <strong>haut niveau de discr\u00e9tion<\/strong> pour tous vos\u00a0d\u00e9placements.<\/p><p>\u00a0<\/p>\t\t\t\t\t\t<\/div>\n\t\t\t\t<\/div>\n\t\t\t\t<div class=\"elementor-element elementor-element-2cca5e6 elementor-widget elementor-widget-heading\" data-id=\"2cca5e6\" data-element_type=\"widget\" data-widget_type=\"heading.default\">\n\t\t\t\t<div class=\"elementor-widget-container\">\n\t\t\t<h3 class=\"elementor-heading-title elementor-size-default\">Nos services incluent :<\/h3>\t\t<\/div>\n\t\t\t\t<\/div>\n\t\t\t\t<div class=\"elementor-element elementor-element-1b883b9 elementor-widget elementor-widget-text-editor\" data-id=\"1b883b9\" data-element_type=\"widget\" data-widget_type=\"text-editor.default\">\n\t\t\t\t<div class=\"elementor-widget-container\">\n\t\t\t\t\t\t\t<ul><li><strong>Chauffeur \u00e0 disposition<\/strong> pour des <strong>transferts d\u2019a\u00e9roport<\/strong> ou de gare.<\/li><li><strong>Service pour<\/strong> <strong>\u00e9v\u00e9nements priv\u00e9s<\/strong> : mariages, soir\u00e9es VIP, rendez-vous d&rsquo;affaires.<\/li><li><strong>Trajets longue distance<\/strong>, d\u00e9placements interurbains, ou mise \u00e0 disposition pour <strong>visites touristiques<\/strong>.<\/li><li><strong>Service personnalis\u00e9 pour entreprises ou particuliers :<\/strong> gestion des d\u00e9placements de vos invit\u00e9s ou de vos cadres dirigeants.<\/li><\/ul>\t\t\t\t\t\t<\/div>\n\t\t\t\t<\/div>\n\t\t\t\t<div class=\"elementor-element elementor-element-efba7e5 elementor-widget elementor-widget-heading\" data-id=\"efba7e5\" data-element_type=\"widget\" data-widget_type=\"heading.default\">\n\t\t\t\t<div class=\"elementor-widget-container\">\n\t\t\t<h3 class=\"elementor-heading-title elementor-size-default\">Les plus de la mise \u00e0 disposition avec ALPS DRIVERS<\/h3>\t\t<\/div>\n\t\t\t\t<\/div>\n\t\t\t\t<div class=\"elementor-element elementor-element-2b1a479 elementor-widget elementor-widget-text-editor\" data-id=\"2b1a479\" data-element_type=\"widget\" data-widget_type=\"text-editor.default\">\n\t\t\t\t<div class=\"elementor-widget-container\">\n\t\t\t\t\t\t\t\n<ul>\n \t<li><strong>Confort et s\u00e9curit\u00e9<\/strong> : Nos chauffeurs exp\u00e9riment\u00e9s et form\u00e9s assurent des trajets en toute s\u00e9r\u00e9nit\u00e9. Nos v\u00e9hicules sont soigneusement entretenus pour offrir le meilleur confort.<\/li>\n \t<li><strong>Flexibilit\u00e9<\/strong> : Disponible \u00e0 l\u2019heure, \u00e0 la demi-journ\u00e9e ou pour plusieurs jours, notre service s\u2019adapte \u00e0 vos exigences.<\/li>\n \t<li><strong>Discr\u00e9tion et professionnalisme<\/strong> : Tous nos chauffeurs sont courtois, discrets et respectent la confidentialit\u00e9 de vos trajets et rendez-vous.<\/li>\n \t<li><strong>Tarification transparente<\/strong> : Nos tarifs sont clairs et comp\u00e9titifs, sans surprise \u00e0 l\u2019arriv\u00e9e.<\/li>\n<\/ul>\n<\/li>\n<\/ul>\t\t\t\t\t\t<\/div>\n\t\t\t\t<\/div>\n\t\t\t\t\t<\/div>\n\t\t\t\t<\/div>\n\t\t<div class=\"elementor-element elementor-element-2e82b072 elementor-hidden-desktop elementor-hidden-tablet elementor-hidden-mobile e-flex e-con-boxed wpr-particle-no wpr-jarallax-no wpr-parallax-no wpr-sticky-section-no e-con e-parent\" data-id=\"2e82b072\" data-element_type=\"container\">\n\t\t\t\t\t<div class=\"e-con-inner\">\n\t\t\t\t<div class=\"elementor-element elementor-element-b55aa9e elementor-widget elementor-widget-spacer\" data-id=\"b55aa9e\" data-element_type=\"widget\" data-widget_type=\"spacer.default\">\n\t\t\t\t<div class=\"elementor-widget-container\">\n\t\t\t\t\t<div class=\"elementor-spacer\">\n\t\t\t<div class=\"elementor-spacer-inner\"><\/div>\n\t\t<\/div>\n\t\t\t\t<\/div>\n\t\t\t\t<\/div>\n\t\t\t\t<div class=\"elementor-element elementor-element-20f1340a elementor-widget elementor-widget-heading\" data-id=\"20f1340a\" data-element_type=\"widget\" data-widget_type=\"heading.default\">\n\t\t\t\t<div class=\"elementor-widget-container\">\n\t\t\t<h2 class=\"elementor-heading-title elementor-size-default\">Exp\u00e9rimentez une nouvelle fa\u00e7on de vivre vos vacances.\n<\/h2>\t\t<\/div>\n\t\t\t\t<\/div>\n\t\t\t\t<div class=\"elementor-element elementor-element-3a922386 elementor-widget elementor-widget-text-editor\" data-id=\"3a922386\" data-element_type=\"widget\" data-widget_type=\"text-editor.default\">\n\t\t\t\t<div class=\"elementor-widget-container\">\n\t\t\t\t\t\t\t<p>Profitez de notre service de <strong>mise \u00e0 disposition personnalis\u00e9<\/strong>, o\u00f9 votre s\u00e9curit\u00e9 et satisfaction sont nos priorit\u00e9s. <br \/>Nous garantissons une <strong>r\u00e9ponse rapide<\/strong>, une <strong>ponctualit\u00e9 irr\u00e9prochable<\/strong> et un <strong>haut niveau de discr\u00e9tion<\/strong> pour tous vos\u00a0d\u00e9placements.<\/p>\t\t\t\t\t\t<\/div>\n\t\t\t\t<\/div>\n\t\t\t\t\t<\/div>\n\t\t\t\t<\/div>\n\t\t<div class=\"elementor-element elementor-element-670cb1ec e-flex e-con-boxed wpr-particle-no wpr-jarallax-no wpr-parallax-no wpr-sticky-section-no e-con e-parent\" data-id=\"670cb1ec\" data-element_type=\"container\">\n\t\t\t\t\t<div class=\"e-con-inner\">\n\t\t\t\t<div class=\"elementor-element elementor-element-2e10b1d4 elementor-align-center elementor-widget elementor-widget-button\" data-id=\"2e10b1d4\" data-element_type=\"widget\" data-widget_type=\"button.default\">\n\t\t\t\t<div class=\"elementor-widget-container\">\n\t\t\t\t\t<div class=\"elementor-button-wrapper\">\n\t\t\t<a class=\"elementor-button elementor-button-link elementor-size-sm\" href=\"https:\/\/alps-drivers.com\/#reserve\">\n\t\t\t\t\t\t<span class=\"elementor-button-content-wrapper\">\n\t\t\t\t\t\t\t\t\t<span class=\"elementor-button-text\">Je r\u00e9serve mon trajet<\/span>\n\t\t\t\t\t<\/span>\n\t\t\t\t\t<\/a>\n\t\t<\/div>\n\t\t\t\t<\/div>\n\t\t\t\t<\/div>\n\t\t\t\t\t<\/div>\n\t\t\t\t<\/div>\n\t\t\t\t<\/div>\n\t\t","protected":false},"excerpt":{"rendered":"<p>Mise \u00e0 disposition D\u00e9couvrez notre service de mise \u00e0 disposition, une exp\u00e9rience de transport sur mesure. Mise \u00e0 disposition D\u00e9couvrez notre service de mise \u00e0 disposition, une exp\u00e9rience de transport sur mesure. Profitez d&rsquo;un service de chauffeur priv\u00e9 \u00e0 la demande, adapt\u00e9 \u00e0 vos besoins. Que ce soit pour un d\u00e9placement professionnel, un \u00e9v\u00e9nement personnel &hellip;<\/p>\n<p class=\"read-more\"> <a class=\"\" href=\"https:\/\/alps-drivers.com\/index.php\/mise-a-disposition-chauffeur-alpes-ski\/\"> <span class=\"screen-reader-text\">MISE A DISPOSITION<\/span> Lire la suite\u00a0\u00bb<\/a><\/p>\n","protected":false},"author":1,"featured_media":0,"parent":0,"menu_order":0,"comment_status":"closed","ping_status":"closed","template":"","meta":{"site-sidebar-layout":"no-sidebar","site-content-layout":"","ast-site-content-layout":"full-width-container","site-content-style":"default","site-sidebar-style":"default","ast-global-header-display":"","ast-banner-title-visibility":"","ast-main-header-display":"","ast-hfb-above-header-display":"","ast-hfb-below-header-display":"","ast-hfb-mobile-header-display":"","site-post-title":"disabled","ast-breadcrumbs-content":"","ast-featured-img":"disabled","footer-sml-layout":"","theme-transparent-header-meta":"","adv-header-id-meta":"","stick-header-meta":"","header-above-stick-meta":"","header-main-stick-meta":"","header-below-stick-meta":"","astra-migrate-meta-layouts":"","ast-page-background-enabled":"default","ast-page-background-meta":{"desktop":{"background-color":"var(--ast-global-color-4)","background-image":"","background-repeat":"repeat","background-position":"center center","background-size":"auto","background-attachment":"scroll","background-type":"","background-media":"","overlay-type":"","overlay-color":"","overlay-gradient":""},"tablet":{"background-color":"","background-image":"","background-repeat":"repeat","background-position":"center center","background-size":"auto","background-attachment":"scroll","background-type":"","background-media":"","overlay-type":"","overlay-color":"","overlay-gradient":""},"mobile":{"background-color":"","background-image":"","background-repeat":"repeat","background-position":"center center","background-size":"auto","background-attachment":"scroll","background-type":"","background-media":"","overlay-type":"","overlay-color":"","overlay-gradient":""}},"ast-content-background-meta":{"desktop":{"background-color":"var(--ast-global-color-5)","background-image":"","background-repeat":"repeat","background-position":"center center","background-size":"auto","background-attachment":"scroll","background-type":"","background-media":"","overlay-type":"","overlay-color":"","overlay-gradient":""},"tablet":{"background-color":"var(--ast-global-color-5)","background-image":"","background-repeat":"repeat","background-position":"center center","background-size":"auto","background-attachment":"scroll","background-type":"","background-media":"","overlay-type":"","overlay-color":"","overlay-gradient":""},"mobile":{"background-color":"var(--ast-global-color-5)","background-image":"","background-repeat":"repeat","background-position":"center center","background-size":"auto","background-attachment":"scroll","background-type":"","background-media":"","overlay-type":"","overlay-color":"","overlay-gradient":""}},"footnotes":""},"class_list":["post-1098","page","type-page","status-publish","hentry"],"yoast_head":"<!-- This site is optimized with the Yoast SEO plugin v23.5 - https:\/\/yoast.com\/wordpress\/plugins\/seo\/ -->\n<title>ALPS DRIVERS - Mise \u00e0 disposition de chauffeur - Alpes<\/title>\n<meta name=\"description\" content=\"Profitez d&#039;un service de mise \u00e0 disposition de chauffeur priv\u00e9, disponible \u00e0 tout moment pour des trajets confortables et s\u00e9curis\u00e9s.\" \/>\n<meta name=\"robots\" content=\"index, follow, max-snippet:-1, max-image-preview:large, max-video-preview:-1\" \/>\n<link rel=\"canonical\" href=\"https:\/\/alps-drivers.com\/index.php\/mise-a-disposition-chauffeur-alpes-ski\/\" \/>\n<meta property=\"og:locale\" content=\"fr_FR\" \/>\n<meta property=\"og:type\" content=\"article\" \/>\n<meta property=\"og:title\" content=\"ALPS DRIVERS - Mise \u00e0 disposition de chauffeur - Alpes\" \/>\n<meta property=\"og:description\" content=\"Profitez d&#039;un service de mise \u00e0 disposition de chauffeur priv\u00e9, disponible \u00e0 tout moment pour des trajets confortables et s\u00e9curis\u00e9s.\" \/>\n<meta property=\"og:url\" content=\"https:\/\/alps-drivers.com\/index.php\/mise-a-disposition-chauffeur-alpes-ski\/\" \/>\n<meta property=\"og:site_name\" content=\"alps-drivers.com\" \/>\n<meta property=\"article:modified_time\" content=\"2024-10-08T23:43:12+00:00\" \/>\n<meta name=\"twitter:card\" content=\"summary_large_image\" \/>\n<meta name=\"twitter:label1\" content=\"Dur\u00e9e de lecture estim\u00e9e\" \/>\n\t<meta name=\"twitter:data1\" content=\"2 minutes\" \/>\n<script type=\"application\/ld+json\" class=\"yoast-schema-graph\">{\"@context\":\"https:\/\/schema.org\",\"@graph\":[{\"@type\":\"WebPage\",\"@id\":\"https:\/\/alps-drivers.com\/index.php\/mise-a-disposition-chauffeur-alpes-ski\/\",\"url\":\"https:\/\/alps-drivers.com\/index.php\/mise-a-disposition-chauffeur-alpes-ski\/\",\"name\":\"ALPS DRIVERS - Mise \u00e0 disposition de chauffeur - Alpes\",\"isPartOf\":{\"@id\":\"https:\/\/alps-drivers.com\/#website\"},\"datePublished\":\"2023-11-16T18:13:21+00:00\",\"dateModified\":\"2024-10-08T23:43:12+00:00\",\"description\":\"Profitez d'un service de mise \u00e0 disposition de chauffeur priv\u00e9, disponible \u00e0 tout moment pour des trajets confortables et s\u00e9curis\u00e9s.\",\"breadcrumb\":{\"@id\":\"https:\/\/alps-drivers.com\/index.php\/mise-a-disposition-chauffeur-alpes-ski\/#breadcrumb\"},\"inLanguage\":\"fr-FR\",\"potentialAction\":[{\"@type\":\"ReadAction\",\"target\":[\"https:\/\/alps-drivers.com\/index.php\/mise-a-disposition-chauffeur-alpes-ski\/\"]}]},{\"@type\":\"BreadcrumbList\",\"@id\":\"https:\/\/alps-drivers.com\/index.php\/mise-a-disposition-chauffeur-alpes-ski\/#breadcrumb\",\"itemListElement\":[{\"@type\":\"ListItem\",\"position\":1,\"name\":\"Accueil\",\"item\":\"https:\/\/alps-drivers.com\/\"},{\"@type\":\"ListItem\",\"position\":2,\"name\":\"MISE A DISPOSITION\"}]},{\"@type\":\"WebSite\",\"@id\":\"https:\/\/alps-drivers.com\/#website\",\"url\":\"https:\/\/alps-drivers.com\/\",\"name\":\"alps-drivers.com\",\"description\":\"\",\"potentialAction\":[{\"@type\":\"SearchAction\",\"target\":{\"@type\":\"EntryPoint\",\"urlTemplate\":\"https:\/\/alps-drivers.com\/?s={search_term_string}\"},\"query-input\":{\"@type\":\"PropertyValueSpecification\",\"valueRequired\":true,\"valueName\":\"search_term_string\"}}],\"inLanguage\":\"fr-FR\"}]}<\/script>\n<!-- \/ Yoast SEO plugin. -->","yoast_head_json":{"title":"ALPS DRIVERS - Mise \u00e0 disposition de chauffeur - Alpes","description":"Profitez d'un service de mise \u00e0 disposition de chauffeur priv\u00e9, disponible \u00e0 tout moment pour des trajets confortables et s\u00e9curis\u00e9s.","robots":{"index":"index","follow":"follow","max-snippet":"max-snippet:-1","max-image-preview":"max-image-preview:large","max-video-preview":"max-video-preview:-1"},"canonical":"https:\/\/alps-drivers.com\/index.php\/mise-a-disposition-chauffeur-alpes-ski\/","og_locale":"fr_FR","og_type":"article","og_title":"ALPS DRIVERS - Mise \u00e0 disposition de chauffeur - Alpes","og_description":"Profitez d'un service de mise \u00e0 disposition de chauffeur priv\u00e9, disponible \u00e0 tout moment pour des trajets confortables et s\u00e9curis\u00e9s.","og_url":"https:\/\/alps-drivers.com\/index.php\/mise-a-disposition-chauffeur-alpes-ski\/","og_site_name":"alps-drivers.com","article_modified_time":"2024-10-08T23:43:12+00:00","twitter_card":"summary_large_image","twitter_misc":{"Dur\u00e9e de lecture estim\u00e9e":"2 minutes"},"schema":{"@context":"https:\/\/schema.org","@graph":[{"@type":"WebPage","@id":"https:\/\/alps-drivers.com\/index.php\/mise-a-disposition-chauffeur-alpes-ski\/","url":"https:\/\/alps-drivers.com\/index.php\/mise-a-disposition-chauffeur-alpes-ski\/","name":"ALPS DRIVERS - Mise \u00e0 disposition de chauffeur - Alpes","isPartOf":{"@id":"https:\/\/alps-drivers.com\/#website"},"datePublished":"2023-11-16T18:13:21+00:00","dateModified":"2024-10-08T23:43:12+00:00","description":"Profitez d'un service de mise \u00e0 disposition de chauffeur priv\u00e9, disponible \u00e0 tout moment pour des trajets confortables et s\u00e9curis\u00e9s.","breadcrumb":{"@id":"https:\/\/alps-drivers.com\/index.php\/mise-a-disposition-chauffeur-alpes-ski\/#breadcrumb"},"inLanguage":"fr-FR","potentialAction":[{"@type":"ReadAction","target":["https:\/\/alps-drivers.com\/index.php\/mise-a-disposition-chauffeur-alpes-ski\/"]}]},{"@type":"BreadcrumbList","@id":"https:\/\/alps-drivers.com\/index.php\/mise-a-disposition-chauffeur-alpes-ski\/#breadcrumb","itemListElement":[{"@type":"ListItem","position":1,"name":"Accueil","item":"https:\/\/alps-drivers.com\/"},{"@type":"ListItem","position":2,"name":"MISE A DISPOSITION"}]},{"@type":"WebSite","@id":"https:\/\/alps-drivers.com\/#website","url":"https:\/\/alps-drivers.com\/","name":"alps-drivers.com","description":"","potentialAction":[{"@type":"SearchAction","target":{"@type":"EntryPoint","urlTemplate":"https:\/\/alps-drivers.com\/?s={search_term_string}"},"query-input":{"@type":"PropertyValueSpecification","valueRequired":true,"valueName":"search_term_string"}}],"inLanguage":"fr-FR"}]}},"_links":{"self":[{"href":"https:\/\/alps-drivers.com\/index.php\/wp-json\/wp\/v2\/pages\/1098"}],"collection":[{"href":"https:\/\/alps-drivers.com\/index.php\/wp-json\/wp\/v2\/pages"}],"about":[{"href":"https:\/\/alps-drivers.com\/index.php\/wp-json\/wp\/v2\/types\/page"}],"author":[{"embeddable":true,"href":"https:\/\/alps-drivers.com\/index.php\/wp-json\/wp\/v2\/users\/1"}],"replies":[{"embeddable":true,"href":"https:\/\/alps-drivers.com\/index.php\/wp-json\/wp\/v2\/comments?post=1098"}],"version-history":[{"count":76,"href":"https:\/\/alps-drivers.com\/index.php\/wp-json\/wp\/v2\/pages\/1098\/revisions"}],"predecessor-version":[{"id":24175,"href":"https:\/\/alps-drivers.com\/index.php\/wp-json\/wp\/v2\/pages\/1098\/revisions\/24175"}],"wp:attachment":[{"href":"https:\/\/alps-drivers.com\/index.php\/wp-json\/wp\/v2\/media?parent=1098"}],"curies":[{"name":"wp","href":"https:\/\/api.w.org\/{rel}","templated":true}]}}